{"id":39,"date":"2017-03-08T11:34:24","date_gmt":"2017-03-08T10:34:24","guid":{"rendered":"http:\/\/www.msha.fr\/blasphemereneurope\/?page_id=39"},"modified":"2022-06-27T14:51:53","modified_gmt":"2022-06-27T12:51:53","slug":"programme","status":"publish","type":"page","link":"https:\/\/www.msha.fr\/blasphemereneurope\/index.php\/programme\/","title":{"rendered":"Programme"},"content":{"rendered":"<p>[vc_row row_type=\u00a0\u00bbrow\u00a0\u00bb use_row_as_full_screen_section=\u00a0\u00bbno\u00a0\u00bb type=\u00a0\u00bbgrid\u00a0\u00bb text_align=\u00a0\u00bbleft\u00a0\u00bb padding_top=\u00a0\u00bb40&Prime; padding_bottom=\u00a0\u00bb40&Prime; css_animation=\u00a0\u00bb\u00a0\u00bb][vc_column][vc_row_inner row_type=\u00a0\u00bbrow\u00a0\u00bb type=\u00a0\u00bbfull_width\u00a0\u00bb use_row_as_full_screen_section_slide=\u00a0\u00bbno\u00a0\u00bb text_align=\u00a0\u00bbleft\u00a0\u00bb css_animation=\u00a0\u00bb\u00a0\u00bb][vc_column_inner width=\u00a0\u00bb1\/4&Prime;][\/vc_column_inner][vc_column_inner width=\u00a0\u00bb1\/2&Prime;][vc_column_text]<\/p>\n<h3 style=\"text-align: center;\"><span style=\"color: #11299f;\">Responsable du projet<\/span><\/h3>\n<p>[\/vc_column_text][vc_empty_space height=\u00a0\u00bb20px\u00a0\u00bb][\/vc_column_inner][vc_column_inner width=\u00a0\u00bb1\/4&Prime;][\/vc_column_inner][\/vc_row_inner][vc_row_inner row_type=\u00a0\u00bbrow\u00a0\u00bb type=\u00a0\u00bbfull_width\u00a0\u00bb use_row_as_full_screen_section_slide=\u00a0\u00bbyes\u00a0\u00bb text_align=\u00a0\u00bbcenter\u00a0\u00bb slide_background_image=\u00a0\u00bb12&Prime; css_animation=\u00a0\u00bb\u00a0\u00bb css=\u00a0\u00bb.vc_custom_1488969241158{background-position: center !important;background-repeat: no-repeat !important;background-size: cover !important;}\u00a0\u00bb][vc_column_inner width=\u00a0\u00bb1\/4&Prime; css=\u00a0\u00bb.vc_custom_1478778123693{padding-right: 50px !important;}\u00a0\u00bb][\/vc_column_inner][vc_column_inner width=\u00a0\u00bb1\/2&Prime; css=\u00a0\u00bb.vc_custom_1478778129670{padding-left: 50px !important;}\u00a0\u00bb][vc_single_image image=\u00a0\u00bb45&Prime; alignment=\u00a0\u00bbcenter\u00a0\u00bb qode_css_animation=\u00a0\u00bb\u00a0\u00bb][vc_empty_space height=\u00a0\u00bb20px\u00a0\u00bb]<div class=\"custom_font_holder\" style=\"font-family: raleway; font-size: 13px; line-height: 26px; font-style: normal; font-weight: 700; color: #b7424a; text-decoration: none; letter-spacing: 1px; text-align: center;\"><span><span style=\"color: #000000;\"><strong>Alain Bouldoires<\/strong><\/span><\/p>\n<p class=\"text-highlight\">Chercheur<\/p>\n<p><\/span><\/div>[vc_empty_space height=\u00a0\u00bb20px\u00a0\u00bb][vc_column_text]<\/p>\n<p style=\"text-align: center;\">Ma\u00eetre de conf\u00e9rences \u00e0 l\u2019Universit\u00e9 de Bordeaux Montaigne et chercheur\u00a0au MICA. M\u00e9diologue, r\u00e9dacteur en chef de <em>la Revue Fran\u00e7aise des M\u00e9thodes Visuelles.<\/em><\/p>\n<p>[\/vc_column_text][vc_empty_space height=\u00a0\u00bb20px\u00a0\u00bb]<div class=\"custom_font_holder\" style=\"font-family: raleway; font-size: 13px; line-height: 26px; font-style: normal; font-weight: 700; color: #b7424a; text-decoration: none; letter-spacing: 1px; text-align: center;\"><span><a href=\"https:\/\/mica.u-bordeaux-montaigne.fr\/\"><strong>Page web<\/strong><\/a><\/span><\/div>[\/vc_column_inner][vc_column_inner width=\u00a0\u00bb1\/4&Prime;][\/vc_column_inner][\/vc_row_inner][\/vc_column][\/vc_row][vc_row row_type=\u00a0\u00bbrow\u00a0\u00bb use_row_as_full_screen_section=\u00a0\u00bbno\u00a0\u00bb type=\u00a0\u00bbgrid\u00a0\u00bb text_align=\u00a0\u00bbleft\u00a0\u00bb background_image=\u00a0\u00bb12&Prime; pattern_background=\u00a0\u00bbpattern_background\u00a0\u00bb padding_top=\u00a0\u00bb40&Prime; padding_bottom=\u00a0\u00bb40&Prime; css_animation=\u00a0\u00bb\u00a0\u00bb][vc_column][vc_row_inner row_type=\u00a0\u00bbrow\u00a0\u00bb type=\u00a0\u00bbfull_width\u00a0\u00bb use_row_as_full_screen_section_slide=\u00a0\u00bbno\u00a0\u00bb text_align=\u00a0\u00bbleft\u00a0\u00bb css_animation=\u00a0\u00bb\u00a0\u00bb][vc_column_inner width=\u00a0\u00bb1\/4&Prime;][\/vc_column_inner][vc_column_inner width=\u00a0\u00bb1\/2&Prime;][vc_column_text]<\/p>\n<h3 style=\"text-align: center;\"><span style=\"color: #11299f;\">\u00c9quipe<\/span><\/h3>\n<p>[\/vc_column_text][vc_empty_space height=\u00a0\u00bb20px\u00a0\u00bb][\/vc_column_inner][vc_column_inner width=\u00a0\u00bb1\/4&Prime;][\/vc_column_inner][\/vc_row_inner][vc_row_inner row_type=\u00a0\u00bbrow\u00a0\u00bb type=\u00a0\u00bbfull_width\u00a0\u00bb use_row_as_full_screen_section_slide=\u00a0\u00bbyes\u00a0\u00bb text_align=\u00a0\u00bbcenter\u00a0\u00bb slide_background_image=\u00a0\u00bb12&Prime; css_animation=\u00a0\u00bb\u00a0\u00bb css=\u00a0\u00bb.vc_custom_1488969241158{background-position: center !important;background-repeat: no-repeat !important;background-size: cover !important;}\u00a0\u00bb][vc_column_inner width=\u00a0\u00bb1\/2&Prime; css=\u00a0\u00bb.vc_custom_1478778123693{padding-right: 50px !important;}\u00a0\u00bb][vc_single_image image=\u00a0\u00bb102&Prime; alignment=\u00a0\u00bbcenter\u00a0\u00bb qode_css_animation=\u00a0\u00bb\u00a0\u00bb][vc_empty_space height=\u00a0\u00bb20px\u00a0\u00bb]<div class=\"custom_font_holder\" style=\"font-family: raleway; font-size: 13px; line-height: 26px; font-style: normal; font-weight: 700; color: #b7424a; text-decoration: none; letter-spacing: 1px; text-align: center;\"><span><span style=\"color: #000000;\"><strong>Karsten Kurowski<\/strong><\/span><\/p>\n<p>Journaliste<\/span><\/div>[vc_empty_space height=\u00a0\u00bb20px\u00a0\u00bb][vc_column_text]<\/p>\n<p style=\"text-align: center;\">Journaliste radio et t\u00e9l\u00e9, m\u00e9diatrainer, cameraman et r\u00e9alisateur.<br \/>\nFormateur de journalistes en France et en Allemagne. Documentaires, reportages et sujets courts pour le web.<\/p>\n<p>[\/vc_column_text][vc_empty_space height=\u00a0\u00bb20px\u00a0\u00bb]<div class=\"custom_font_holder\" style=\"font-family: raleway; font-size: 13px; line-height: 26px; font-style: normal; font-weight: 700; color: #b7424a; text-decoration: none; letter-spacing: 1px; text-align: center;\"><span><a href=\"http:\/\/www.ijba.u-bordeaux-montaigne.fr\/lequipe-permanente\/\"><strong>Page web<\/strong><\/a><\/span><\/div>[\/vc_column_inner][vc_column_inner width=\u00a0\u00bb1\/2&Prime; css=\u00a0\u00bb.vc_custom_1478778129670{padding-left: 50px !important;}\u00a0\u00bb][vc_single_image image=\u00a0\u00bb101&Prime; alignment=\u00a0\u00bbcenter\u00a0\u00bb qode_css_animation=\u00a0\u00bb\u00a0\u00bb][vc_empty_space height=\u00a0\u00bb20px\u00a0\u00bb]<div class=\"custom_font_holder\" style=\"font-family: raleway; font-size: 13px; line-height: 26px; font-style: normal; font-weight: 700; color: #b7424a; text-decoration: none; letter-spacing: 1px; text-align: center;\"><span><span style=\"color: #000000;\"><strong>Christine Larrazet<\/strong><\/span><\/p>\n<p class=\"text-highlight\">Chercheuse<\/p>\n<p><\/span><\/div>[vc_empty_space height=\u00a0\u00bb20px\u00a0\u00bb][vc_column_text]<\/p>\n<p class=\"p1\" style=\"text-align: center;\"><span class=\"s1\">Ma\u00eetre de conf\u00e9rences \u00e0 l\u2019Universit\u00e9 de Bordeaux et chercheuse au centre Emile Durkheim. Am\u00e9ricaniste, sp\u00e9cialiste des m\u00e9dias et de l\u2019histoire noire am\u00e9ricaine.<\/span><\/p>\n<p>[\/vc_column_text][vc_empty_space height=\u00a0\u00bb20px\u00a0\u00bb]<div class=\"custom_font_holder\" style=\"font-family: raleway; font-size: 13px; line-height: 26px; font-style: normal; font-weight: 700; color: #b7424a; text-decoration: none; letter-spacing: 1px; text-align: center;\"><span><a href=\"https:\/\/durkheim.u-bordeaux.fr\/Notre-equipe\/Chercheurs-et-enseignants-chercheurs\/CV\/Christine-Larrazet\"><strong>Page web<\/strong><\/a><\/span><\/div>[\/vc_column_inner][\/vc_row_inner][\/vc_column][\/vc_row][vc_row row_type=\u00a0\u00bbrow\u00a0\u00bb use_row_as_full_screen_section=\u00a0\u00bbno\u00a0\u00bb type=\u00a0\u00bbgrid\u00a0\u00bb anchor=\u00a0\u00bbabout\u00a0\u00bb text_align=\u00a0\u00bbleft\u00a0\u00bb padding_top=\u00a0\u00bb80&Prime; padding_bottom=\u00a0\u00bb80&Prime; css_animation=\u00a0\u00bb\u00a0\u00bb][vc_column][vc_row_inner row_type=\u00a0\u00bbrow\u00a0\u00bb type=\u00a0\u00bbfull_width\u00a0\u00bb use_row_as_full_screen_section_slide=\u00a0\u00bbno\u00a0\u00bb text_align=\u00a0\u00bbleft\u00a0\u00bb css_animation=\u00a0\u00bb\u00a0\u00bb][vc_column_inner][vc_column_text]<\/p>\n<p style=\"text-align: justify;\">Ce programme de recherche, financ\u00e9 par la <strong>Maison des Sciences de l\u2019Homme\u00a0d\u2019Aquitaine (MSHA)<\/strong>, inclue trois terrains de recherche sur la prise de parole dans l\u2019espace\u00a0public\u00a0: <strong>la cr\u00e9ation de m\u00e9dias d\u2019initiative populaire en Aquitaine, le\u00a0blasph\u00e8me en Europe et la sc\u00e8ne slam.<\/strong><\/p>\n<p>[\/vc_column_text][\/vc_column_inner][\/vc_row_inner][vc_row_inner row_type=\u00a0\u00bbrow\u00a0\u00bb type=\u00a0\u00bbfull_width\u00a0\u00bb use_row_as_full_screen_section_slide=\u00a0\u00bbno\u00a0\u00bb text_align=\u00a0\u00bbleft\u00a0\u00bb css_animation=\u00a0\u00bb\u00a0\u00bb][vc_column_inner width=\u00a0\u00bb1\/3&Prime;][\/vc_column_inner][vc_column_inner width=\u00a0\u00bb1\/3&Prime;][vc_empty_space]<a href=\"http:\/\/www.msha.fr\/citoyenneteencouleurs\" target=\"_blank\" data-hover-background-color=#ffd334 data-hover-border-color=#ffd334 data-hover-color=#ffffff class=\"qbutton \" style=\"color: #ffffff; border-color: #ffd334; background-color: #ffd334;\">Citoyennet\u00e9 en Couleurs<\/a>[\/vc_column_inner][vc_column_inner width=\u00a0\u00bb1\/3&Prime;][\/vc_column_inner][\/vc_row_inner][\/vc_column][\/vc_row][vc_row row_type=\u00a0\u00bbrow\u00a0\u00bb use_row_as_full_screen_section=\u00a0\u00bbno\u00a0\u00bb type=\u00a0\u00bbgrid\u00a0\u00bb text_align=\u00a0\u00bbleft\u00a0\u00bb background_image=\u00a0\u00bb12&Prime; pattern_background=\u00a0\u00bbpattern_background\u00a0\u00bb padding_top=\u00a0\u00bb40&Prime; padding_bottom=\u00a0\u00bb40&Prime; css_animation=\u00a0\u00bb\u00a0\u00bb][vc_column][vc_row_inner row_type=\u00a0\u00bbrow\u00a0\u00bb type=\u00a0\u00bbfull_width\u00a0\u00bb use_row_as_full_screen_section_slide=\u00a0\u00bbno\u00a0\u00bb text_align=\u00a0\u00bbleft\u00a0\u00bb css_animation=\u00a0\u00bb\u00a0\u00bb][vc_column_inner width=\u00a0\u00bb1\/3&Prime;]<span class=\"q_font_awsome_icon q_icon_shortcode normal q_font_awsome_icon_holder fa-3x pull-center \" style=\"color: #000000; \"><a href=\"http:\/\/www.msha.fr\/caravanedesmedias\/\" target=\"_blank\"><i class=\"fa fa-bus\"><\/i><\/a><\/span>[vc_empty_space height=\u00a0\u00bb20px\u00a0\u00bb]<div class=\"custom_font_holder\" style=\"font-family: raleway; font-size: 13px; line-height: 26px; font-style: normal; font-weight: 700; color: #b7424a; text-decoration: none; letter-spacing: 1px; text-align: center;\"><span><strong><a href=\"http:\/\/www.msha.fr\/caravanedesmedias\/\" target=\"_blank\" rel=\"noopener\">Les m\u00e9dias d&rsquo;initiative populaire<\/a><\/strong><\/span><\/div>[\/vc_column_inner][vc_column_inner width=\u00a0\u00bb1\/3&Prime;]<span class=\"q_font_awsome_icon q_icon_shortcode normal q_font_awsome_icon_holder fa-3x pull-center \" style=\"color: #000000; \"><a href=\"#\" target=\"_blank\"><i class=\"fa fa-times\"><\/i><\/a><\/span>[vc_empty_space height=\u00a0\u00bb20px\u00a0\u00bb]<div class=\"custom_font_holder\" style=\"font-family: raleway; font-size: 13px; line-height: 26px; font-style: normal; font-weight: 700; color: #b7424a; text-decoration: none; letter-spacing: 1px; text-align: center;\"><span><a href=\"https:\/\/www.msha.fr\/blasphemereneurope\"><strong>Le Blasph\u00e8me en Europe<\/strong><\/a><\/span><\/div>[\/vc_column_inner][vc_column_inner width=\u00a0\u00bb1\/3&Prime;]<span class=\"q_font_awsome_icon q_icon_shortcode normal q_font_awsome_icon_holder fa-3x pull-center \" style=\"color: #000000; \"><a href=\"http:\/\/www.msha.fr\/espacelibreslam\/\" target=\"_blank\"><i class=\"fa fa-microphone\"><\/i><\/a><\/span>[vc_empty_space height=\u00a0\u00bb20px\u00a0\u00bb]<div class=\"custom_font_holder\" style=\"font-family: raleway; font-size: 13px; line-height: 26px; font-style: normal; font-weight: 700; color: #b7424a; text-decoration: none; letter-spacing: 1px; text-align: center;\"><span><strong><a href=\"http:\/\/www.msha.fr\/espacelibreslam\/\" target=\"_blank\" rel=\"noopener\">Espace Libre Slam<\/a><\/strong><\/span><\/div>[\/vc_column_inner][\/vc_row_inner][\/vc_column][\/vc_row][vc_row row_type=\u00a0\u00bbrow\u00a0\u00bb use_row_as_full_screen_section=\u00a0\u00bbno\u00a0\u00bb type=\u00a0\u00bbgrid\u00a0\u00bb text_align=\u00a0\u00bbleft\u00a0\u00bb css_animation=\u00a0\u00bb\u00a0\u00bb][vc_column][vc_row_inner row_type=\u00a0\u00bbrow\u00a0\u00bb type=\u00a0\u00bbfull_width\u00a0\u00bb use_row_as_full_screen_section_slide=\u00a0\u00bbno\u00a0\u00bb text_align=\u00a0\u00bbleft\u00a0\u00bb css_animation=\u00a0\u00bb\u00a0\u00bb][vc_column_inner][vc_empty_space][vc_column_text]<\/p>\n<p style=\"text-align: justify;\">Ce programme s\u2019ins\u00e8re dans la controverse sur <strong>l\u2019espace public\/les\u00a0espaces publics<\/strong>, qu\u2019il\u00a0souhaite nourrir en analysant le devenir de la soci\u00e9t\u00e9 de la diversit\u00e9, la\u00a0citoyennet\u00e9 et la prise\u00a0de parole contest\u00e9e ou \u00e0 la marge dans l\u2019espace public.<\/p>\n<p>[\/vc_column_text][vc_empty_space][vc_column_text]<\/p>\n<p style=\"text-align: justify;\">En compl\u00e9ment de cet axe empirique, le programme <strong>Citoyennet\u00e9 en couleurs<\/strong> comporte\u00a0un\u00a0volet m\u00e9thodologique qui cherche \u00e0 promouvoir et structurer \u00e0 l\u2019\u00e9chelle nationale l\u2019usage\u00a0des<strong>\u00a0m\u00e9thodes visuelles<\/strong> en sciences sociales. Cet axe s\u2019est traduit par deux initiatives\u00a0\u00e9ditoriales\u00a0:<\/p>\n<p>[\/vc_column_text][vc_empty_space][\/vc_column_inner][\/vc_row_inner][\/vc_column][\/vc_row][vc_row row_type=\u00a0\u00bbrow\u00a0\u00bb use_row_as_full_screen_section=\u00a0\u00bbno\u00a0\u00bb type=\u00a0\u00bbgrid\u00a0\u00bb text_align=\u00a0\u00bbleft\u00a0\u00bb background_image=\u00a0\u00bb6&Prime; pattern_background=\u00a0\u00bbpattern_background\u00a0\u00bb padding_top=\u00a0\u00bb40&Prime; padding_bottom=\u00a0\u00bb40&Prime; css_animation=\u00a0\u00bb\u00a0\u00bb][vc_column][vc_row_inner row_type=\u00a0\u00bbrow\u00a0\u00bb type=\u00a0\u00bbfull_width\u00a0\u00bb use_row_as_full_screen_section_slide=\u00a0\u00bbno\u00a0\u00bb text_align=\u00a0\u00bbleft\u00a0\u00bb css_animation=\u00a0\u00bb\u00a0\u00bb][vc_column_inner width=\u00a0\u00bb1\/2&Prime;]<span class=\"q_font_awsome_icon q_icon_shortcode normal q_font_awsome_icon_holder fa-3x pull-center \" style=\"color: #000000; \"><a href=\"http:\/\/cdmv.hypotheses.org\/\" target=\"_blank\"><i class=\"fa fa-book\"><\/i><\/a><\/span>[vc_empty_space height=\u00a0\u00bb20px\u00a0\u00bb]<div class=\"custom_font_holder\" style=\"font-family: raleway; font-size: 13px; line-height: 26px; font-style: normal; font-weight: 700; color: #b7424a; text-decoration: none; letter-spacing: 1px; text-align: center;\"><span><strong><a href=\"http:\/\/cdmv.hypotheses.org\/\" target=\"_blank\" rel=\"noopener\">Le Carnet des M\u00e9thodes Visuelles<\/a><\/strong><\/span><\/div>[\/vc_column_inner][vc_column_inner width=\u00a0\u00bb1\/2&Prime;]<span class=\"q_font_awsome_icon q_icon_shortcode normal q_font_awsome_icon_holder fa-3x pull-center \" style=\"color: #000000; \"><a href=\"https:\/\/revuefrancaisedesmethodesvisuelles.wordpress.com\/\" target=\"_blank\"><i class=\"fa fa-file-text-o\"><\/i><\/a><\/span>[vc_empty_space height=\u00a0\u00bb20px\u00a0\u00bb]<div class=\"custom_font_holder\" style=\"font-family: raleway; font-size: 13px; line-height: 26px; font-style: normal; font-weight: 700; color: #b7424a; text-decoration: none; letter-spacing: 1px; text-align: center;\"><span><strong><a href=\"https:\/\/rfmv.fr\/\" target=\"_blank\" rel=\"noopener\">La Revue Fran\u00e7aise des M\u00e9thodes Visuelles<\/a><\/strong><\/span><\/div>[\/vc_column_inner][\/vc_row_inner][\/vc_column][\/vc_row]<\/p>\n","protected":false},"excerpt":{"rendered":"<p>[vc_row row_type=\u00a0\u00bbrow\u00a0\u00bb use_row_as_full_screen_section=\u00a0\u00bbno\u00a0\u00bb type=\u00a0\u00bbgrid\u00a0\u00bb text_align=\u00a0\u00bbleft\u00a0\u00bb padding_top=\u00a0\u00bb40&Prime; padding_bottom=\u00a0\u00bb40&Prime; css_animation=\u00a0\u00bb\u00a0\u00bb][vc_column][vc_row_inner row_type=\u00a0\u00bbrow\u00a0\u00bb type=\u00a0\u00bbfull_width\u00a0\u00bb use_row_as_full_screen_section_slide=\u00a0\u00bbno\u00a0\u00bb text_align=\u00a0\u00bbleft\u00a0\u00bb css_animation=\u00a0\u00bb\u00a0\u00bb][vc_column_inner width=\u00a0\u00bb1\/4&Prime;][\/vc_column_inner][vc_column_inner width=\u00a0\u00bb1\/2&Prime;][vc_column_text] Responsable du projet [\/vc_column_text][vc_empty_space height=\u00a0\u00bb20px\u00a0\u00bb][\/vc_column_inner][vc_column_inner width=\u00a0\u00bb1\/4&Prime;][\/vc_column_inner][\/vc_row_inner][vc_row_inner row_type=\u00a0\u00bbrow\u00a0\u00bb type=\u00a0\u00bbfull_width\u00a0\u00bb use_row_as_full_screen_section_slide=\u00a0\u00bbyes\u00a0\u00bb text_align=\u00a0\u00bbcenter\u00a0\u00bb slide_background_image=\u00a0\u00bb12&Prime; css_animation=\u00a0\u00bb\u00a0\u00bb css=\u00a0\u00bb.vc_custom_1488969241158{background-position: center !important;background-repeat: no-repeat !important;background-size: cover !important;}\u00a0\u00bb][vc_column_inner width=\u00a0\u00bb1\/4&Prime; css=\u00a0\u00bb.vc_custom_1478778123693{padding-right: 50px !important;}\u00a0\u00bb][\/vc_column_inner][vc_column_inner width=\u00a0\u00bb1\/2&Prime; css=\u00a0\u00bb.vc_custom_1478778129670{padding-left: 50px !important;}\u00a0\u00bb][vc_single_image image=\u00a0\u00bb45&Prime; alignment=\u00a0\u00bbcenter\u00a0\u00bb qode_css_animation=\u00a0\u00bb\u00a0\u00bb][vc_empty_space&#8230;<\/p>\n","protected":false},"author":2,"featured_media":0,"parent":0,"menu_order":0,"comment_status":"closed","ping_status":"closed","template":"full_width.php","meta":[],"_links":{"self":[{"href":"https:\/\/www.msha.fr\/blasphemereneurope\/index.php\/wp-json\/wp\/v2\/pages\/39"}],"collection":[{"href":"https:\/\/www.msha.fr\/blasphemereneurope\/index.php\/wp-json\/wp\/v2\/pages"}],"about":[{"href":"https:\/\/www.msha.fr\/blasphemereneurope\/index.php\/wp-json\/wp\/v2\/types\/page"}],"author":[{"embeddable":true,"href":"https:\/\/www.msha.fr\/blasphemereneurope\/index.php\/wp-json\/wp\/v2\/users\/2"}],"replies":[{"embeddable":true,"href":"https:\/\/www.msha.fr\/blasphemereneurope\/index.php\/wp-json\/wp\/v2\/comments?post=39"}],"version-history":[{"count":10,"href":"https:\/\/www.msha.fr\/blasphemereneurope\/index.php\/wp-json\/wp\/v2\/pages\/39\/revisions"}],"predecessor-version":[{"id":204,"href":"https:\/\/www.msha.fr\/blasphemereneurope\/index.php\/wp-json\/wp\/v2\/pages\/39\/revisions\/204"}],"wp:attachment":[{"href":"https:\/\/www.msha.fr\/blasphemereneurope\/index.php\/wp-json\/wp\/v2\/media?parent=39"}],"curies":[{"name":"wp","href":"https:\/\/api.w.org\/{rel}","templated":true}]}}