{"id":160,"date":"2017-03-31T16:00:10","date_gmt":"2017-03-31T14:00:10","guid":{"rendered":"http:\/\/www.msha.fr\/blasphemereneurope\/?page_id=160"},"modified":"2017-04-06T11:26:09","modified_gmt":"2017-04-06T09:26:09","slug":"irlande","status":"publish","type":"page","link":"https:\/\/www.msha.fr\/blasphemereneurope\/index.php\/irlande\/","title":{"rendered":"Irlande"},"content":{"rendered":"<p>[vc_row row_type=\u00a0\u00bbrow\u00a0\u00bb use_row_as_full_screen_section=\u00a0\u00bbno\u00a0\u00bb type=\u00a0\u00bbgrid\u00a0\u00bb text_align=\u00a0\u00bbleft\u00a0\u00bb padding_top=\u00a0\u00bb40&Prime; padding_bottom=\u00a0\u00bb40&Prime; css_animation=\u00a0\u00bb\u00a0\u00bb][vc_column][vc_row_inner row_type=\u00a0\u00bbrow\u00a0\u00bb type=\u00a0\u00bbfull_width\u00a0\u00bb use_row_as_full_screen_section_slide=\u00a0\u00bbno\u00a0\u00bb text_align=\u00a0\u00bbleft\u00a0\u00bb css_animation=\u00a0\u00bb\u00a0\u00bb][vc_column_inner width=\u00a0\u00bb1\/6&Prime;][\/vc_column_inner][vc_column_inner width=\u00a0\u00bb2\/3&Prime;][vc_single_image image=\u00a0\u00bb72&Prime; alignment=\u00a0\u00bbcenter\u00a0\u00bb qode_css_animation=\u00a0\u00bb\u00a0\u00bb][vc_column_text]<\/p>\n<h4 style=\"text-align: center;\"><span style=\"color: #11299f;\">Intransigeant<br \/>\n<\/span><\/h4>\n<h3 style=\"text-align: center;\"><span style=\"color: #11299f;\">Irlande<\/span><\/h3>\n<p>[\/vc_column_text][vc_empty_space height=\u00a0\u00bb30px\u00a0\u00bb][vc_column_text]<\/p>\n<p class=\"p1\" style=\"text-align: justify;\">La constitution irlandaise de 1937, dans son pr\u00e9ambule, annonce clairement son inspiration chr\u00e9tienne.<\/p>\n<p>[\/vc_column_text][vc_empty_space height=\u00a0\u00bb30px\u00a0\u00bb][vc_single_image image=\u00a0\u00bb161&Prime; img_size=\u00a0\u00bbmedium\u00a0\u00bb alignment=\u00a0\u00bbcenter\u00a0\u00bb qode_css_animation=\u00a0\u00bb\u00a0\u00bb][\/vc_column_inner][vc_column_inner width=\u00a0\u00bb1\/6&Prime;][\/vc_column_inner][\/vc_row_inner][\/vc_column][\/vc_row][vc_row row_type=\u00a0\u00bbrow\u00a0\u00bb use_row_as_full_screen_section=\u00a0\u00bbno\u00a0\u00bb type=\u00a0\u00bbgrid\u00a0\u00bb text_align=\u00a0\u00bbleft\u00a0\u00bb background_image=\u00a0\u00bb12&Prime; pattern_background=\u00a0\u00bbpattern_background\u00a0\u00bb css_animation=\u00a0\u00bb\u00a0\u00bb][vc_column width=\u00a0\u00bb1\/2&Prime;][vc_empty_space height=\u00a0\u00bb40px\u00a0\u00bb][vc_column_text]<\/p>\n<p class=\"p2\" style=\"text-align: justify;\"><strong>Pr\u00e9ambule de la constitution irlandaise<\/strong><\/p>\n<p class=\"p2\" style=\"text-align: justify;\">\u00ab\u00a0<i>Au nom de la tr\u00e8s sainte Trinit\u00e9, de qui vient toute autorit\u00e9, et \u00e0 Qui, comme notre fin derni\u00e8re, doivent \u00eatre d\u00e9volues toutes les actions, celles des hommes comme celles des Etats,<\/i><\/p>\n<p class=\"p1\" style=\"text-align: justify;\"><i>Nous, peuple d\u2019Irlande,<\/i><\/p>\n<p class=\"p1\" style=\"text-align: justify;\"><i>Reconnaissant humblement tous nos devoirs envers notre Divin Seigneur, J\u00e9sus Christ, qui a soutenu nos p\u00e8res pendant des si\u00e8cles de lutte\u2026<\/i>\u00a0\u00bb.<\/p>\n<p class=\"p2\" style=\"text-align: justify;\">\u00ab\u00a0<i>Tous les pouvoirs du gouvernement, l\u00e9gislatif, ex\u00e9cutif ou judiciaire, \u00e9manent, sous Dieu, du peuple<\/i>\u00a0\u00bb nous dit l\u2019article 6 de la Constitution.<\/p>\n<p class=\"p1\" style=\"text-align: justify;\">Cependant, les deux paragraphes suivants ont \u00e9t\u00e9 supprim\u00e9s en 1972\u00a0:<\/p>\n<p class=\"p1\" style=\"text-align: justify;\">\u00ab\u00a0<i>ii. L\u2019Etat reconna\u00eet la position particuli\u00e8re de l\u2019Eglise catholique apostolique et romaine comme \u00e9tant la gardienne de la foi profess\u00e9e par la grande majorit\u00e9 des citoyens.\u00a0\u00bb<\/i><\/p>\n<p class=\"p1\" style=\"text-align: justify;\"><i>\u00ab\u00a0iii. L\u2019Etat reconna\u00eet aussi l\u2019Eglise d\u2019Irlande, l\u2019Eglise presbyt\u00e9rienne en Irlande, l\u2019Eglise m\u00e9thodiste en Irlande, de m\u00eame que les congr\u00e9gations juives et autres d\u00e9nominations religieuses existant en Irlande \u00e0 la date de l\u2019entr\u00e9e en vigueur de cette Constitution<\/i>\u00a0\u00bb.<\/p>\n<p>&nbsp;<\/p>\n<p class=\"p1\" style=\"text-align: justify;\">L\u2019article 40.6.l.i dispose que\u00a0:<\/p>\n<p class=\"p1\" style=\"text-align: justify;\">\u00ab\u00a0<i>La publication ou l\u2019\u00e9nonc\u00e9 de propos blasph\u00e9matoires, s\u00e9ditieux ou ind\u00e9cents est un d\u00e9lit qui sera puni conform\u00e9ment \u00e0 la loi<\/i>\u00a0\u00bb.<\/p>\n<p class=\"p2\" style=\"text-align: justify;\">Il faut prendre ici le terme \u00ab\u00a0blasph\u00e9matoire\u00a0\u00bb au sens de \u00ab\u00a0<i>Accuser ou d\u00e9shonorer Dieu, ridiculiser la religion, ou parler en mal des choses sacr\u00e9es\u00a0<\/i>\u00bb. Cependant, il semblerait qu\u2019il existe une incertitude sur l\u2019utilisation et le sens de ce terme dans la Constitution irlandaise.<\/p>\n<p class=\"p1\" style=\"text-align: justify;\">L\u2019article 44 pr\u00e9cise\u00a0:<\/p>\n<p class=\"p1\" style=\"text-align: justify;\">\u00ab\u00a0 <i>L\u2019Etat reconna\u00eet que l\u2019hommage de la v\u00e9n\u00e9ration publique est d\u00fb \u00e0 Dieu Tout-Puissant. Il v\u00e9n\u00e8rera Son Nom et respectera et honorera la religion<\/i>\u00a0\u00bb.<\/p>\n<p class=\"p1\" style=\"text-align: justify;\">Le <i>Defamation Act<\/i> de 1961 r\u00e9prime l\u2019impression et la publication de pamphlets blasph\u00e9matoires ou obsc\u00e8nes\u00a0:<\/p>\n<p class=\"p4\" style=\"text-align: justify;\"><span class=\"s1\"><b>Defamation act, 1961, [N\u00b0. 40]<\/b>\u00a0: Part II \u2013 Penality for printing or publishing blasphemous or obscene libel<\/span><\/p>\n<p class=\"p5\" style=\"text-align: justify;\"><i>\u00ab\u00a013. \u2013 (1) Toute personne qui compose, imprime ou publie un \u00e9crit blasph\u00e9matoire ou obsc\u00e8ne, sera, en cas de condamnation de cela lors de la mise en accusation, passible d\u2019une amende qui n\u2019exc\u00e9dera pas cinq cents livres ou d\u2019un emprisonnement pour un temps qui n\u2019exc\u00e9dera pas deux ans ou d\u2019une telle amende et de l\u2019emprisonnement ou des travaux forc\u00e9s pendant un temps qui n\u2019exc\u00e9dera pas sept ans.<\/i><\/p>\n<p>[\/vc_column_text][vc_empty_space height=\u00a0\u00bb40px\u00a0\u00bb][\/vc_column][vc_column width=\u00a0\u00bb1\/2&Prime;][vc_empty_space height=\u00a0\u00bb40px\u00a0\u00bb][vc_column_text]<\/p>\n<p class=\"p1\" style=\"text-align: justify;\"><i>(2) (a) Dans tous les cas o\u00f9 une personne est condamn\u00e9e pour avoir compos\u00e9, imprim\u00e9 ou publi\u00e9 un \u00e9crit blasph\u00e9matoire, la Cour peut donner l\u2019ordre de saisie et de transport et de conservation sous bonne garde, de la mani\u00e8re qui sera impos\u00e9e par l\u2019ordre, de toutes les copies de l\u2019\u00e9crit en possession de cette personne ou de toute autre personne nomm\u00e9e dans cet ordre pour son application, la preuve sous serment ayant \u00e9t\u00e9 pr\u00e9alablement fournie \u00e0 la satisfaction de la Cour que les copies dudit \u00e9crit sont en possession d\u2019une telle autre personne au profit de la personne condamn\u00e9e.<\/i><\/p>\n<p class=\"p1\" style=\"text-align: justify;\"><i>(b) En ce qui concerne l\u2019ex\u00e9cution de l\u2019ordre dont il est question au paragraphe (a) de cet article, tout membre de la <\/i>Garda S\u00e9ochana<i> agissant au nom d\u2019un tel ordre peut entrer, si n\u00e9cessaire par la force, et chercher toutes les copies dudit \u00e9crit, dans chaque immeuble, maison ou tout autre endroit appartenant \u00e0 la personne condamn\u00e9e ou \u00e0 toute autre personne nomm\u00e9e dans l\u2019ordre et peut saisir et emporter et garder de la mani\u00e8re d\u00e9crite dans un tel ordre toutes les copies de l\u2019\u00e9crit qui y sont trouv\u00e9es.<\/i><\/p>\n<p class=\"p1\" style=\"text-align: justify;\"><i>(c) Si, dans n\u2019importe quel cas de ce type, le verdict est cass\u00e9 en appel, toutes les copies de l\u2019\u00e9crit saisies conform\u00e9ment \u00e0 un ordre tel que d\u00e9crit au paragraphe (a) de cet article seront rendues sans frais \u00e0 la personne ou aux personnes \u00e0 qui elles ont \u00e9t\u00e9 prises.<\/i><\/p>\n<p class=\"p1\" style=\"text-align: justify;\"><i>(d) Quand, dans un tel cas, il n\u2019a pas \u00e9t\u00e9 interjet\u00e9 appel ou si la sentence est confirm\u00e9e en appel, toutes les copies saisies en vertu d\u2019un ordre tel que d\u00e9crit au paragraphe (a) de cet article seront, sur demande d\u2019un membre de la <\/i>Garda S\u00e9ochana<i> \u00e0 la Cour qui a donn\u00e9 un tel ordre, d\u00e9truites de mani\u00e8re telle qu\u2019une telle Cours pourra indiquer.\u00a0\u00bb<\/i><\/p>\n<p>[\/vc_column_text][vc_empty_space height=\u00a0\u00bb40px\u00a0\u00bb][\/vc_column][\/vc_row]<\/p>\n","protected":false},"excerpt":{"rendered":"<p>[vc_row row_type=\u00a0\u00bbrow\u00a0\u00bb use_row_as_full_screen_section=\u00a0\u00bbno\u00a0\u00bb type=\u00a0\u00bbgrid\u00a0\u00bb text_align=\u00a0\u00bbleft\u00a0\u00bb padding_top=\u00a0\u00bb40&Prime; padding_bottom=\u00a0\u00bb40&Prime; css_animation=\u00a0\u00bb\u00a0\u00bb][vc_column][vc_row_inner row_type=\u00a0\u00bbrow\u00a0\u00bb type=\u00a0\u00bbfull_width\u00a0\u00bb use_row_as_full_screen_section_slide=\u00a0\u00bbno\u00a0\u00bb text_align=\u00a0\u00bbleft\u00a0\u00bb css_animation=\u00a0\u00bb\u00a0\u00bb][vc_column_inner width=\u00a0\u00bb1\/6&Prime;][\/vc_column_inner][vc_column_inner width=\u00a0\u00bb2\/3&Prime;][vc_single_image image=\u00a0\u00bb72&Prime; alignment=\u00a0\u00bbcenter\u00a0\u00bb qode_css_animation=\u00a0\u00bb\u00a0\u00bb][vc_column_text] Intransigeant Irlande [\/vc_column_text][vc_empty_space height=\u00a0\u00bb30px\u00a0\u00bb][vc_column_text] La constitution irlandaise de 1937, dans son pr\u00e9ambule, annonce clairement son inspiration chr\u00e9tienne. [\/vc_column_text][vc_empty_space height=\u00a0\u00bb30px\u00a0\u00bb][vc_single_image image=\u00a0\u00bb161&Prime; img_size=\u00a0\u00bbmedium\u00a0\u00bb alignment=\u00a0\u00bbcenter\u00a0\u00bb qode_css_animation=\u00a0\u00bb\u00a0\u00bb][\/vc_column_inner][vc_column_inner width=\u00a0\u00bb1\/6&Prime;][\/vc_column_inner][\/vc_row_inner][\/vc_column][\/vc_row][vc_row row_type=\u00a0\u00bbrow\u00a0\u00bb use_row_as_full_screen_section=\u00a0\u00bbno\u00a0\u00bb type=\u00a0\u00bbgrid\u00a0\u00bb&#8230;<\/p>\n","protected":false},"author":2,"featured_media":0,"parent":0,"menu_order":0,"comment_status":"closed","ping_status":"closed","template":"full_width.php","meta":[],"_links":{"self":[{"href":"https:\/\/www.msha.fr\/blasphemereneurope\/index.php\/wp-json\/wp\/v2\/pages\/160"}],"collection":[{"href":"https:\/\/www.msha.fr\/blasphemereneurope\/index.php\/wp-json\/wp\/v2\/pages"}],"about":[{"href":"https:\/\/www.msha.fr\/blasphemereneurope\/index.php\/wp-json\/wp\/v2\/types\/page"}],"author":[{"embeddable":true,"href":"https:\/\/www.msha.fr\/blasphemereneurope\/index.php\/wp-json\/wp\/v2\/users\/2"}],"replies":[{"embeddable":true,"href":"https:\/\/www.msha.fr\/blasphemereneurope\/index.php\/wp-json\/wp\/v2\/comments?post=160"}],"version-history":[{"count":3,"href":"https:\/\/www.msha.fr\/blasphemereneurope\/index.php\/wp-json\/wp\/v2\/pages\/160\/revisions"}],"predecessor-version":[{"id":189,"href":"https:\/\/www.msha.fr\/blasphemereneurope\/index.php\/wp-json\/wp\/v2\/pages\/160\/revisions\/189"}],"wp:attachment":[{"href":"https:\/\/www.msha.fr\/blasphemereneurope\/index.php\/wp-json\/wp\/v2\/media?parent=160"}],"curies":[{"name":"wp","href":"https:\/\/api.w.org\/{rel}","templated":true}]}}