{"id":134,"date":"2017-03-31T15:33:05","date_gmt":"2017-03-31T13:33:05","guid":{"rendered":"http:\/\/www.msha.fr\/blasphemereneurope\/?page_id=134"},"modified":"2017-03-31T15:33:05","modified_gmt":"2017-03-31T13:33:05","slug":"pays-bas","status":"publish","type":"page","link":"https:\/\/www.msha.fr\/blasphemereneurope\/index.php\/pays-bas\/","title":{"rendered":"Pays-Bas"},"content":{"rendered":"<p>[vc_row row_type=\u00a0\u00bbrow\u00a0\u00bb use_row_as_full_screen_section=\u00a0\u00bbno\u00a0\u00bb type=\u00a0\u00bbgrid\u00a0\u00bb text_align=\u00a0\u00bbleft\u00a0\u00bb padding_top=\u00a0\u00bb40&Prime; padding_bottom=\u00a0\u00bb40&Prime; css_animation=\u00a0\u00bb\u00a0\u00bb][vc_column][vc_row_inner row_type=\u00a0\u00bbrow\u00a0\u00bb type=\u00a0\u00bbfull_width\u00a0\u00bb use_row_as_full_screen_section_slide=\u00a0\u00bbno\u00a0\u00bb text_align=\u00a0\u00bbleft\u00a0\u00bb css_animation=\u00a0\u00bb\u00a0\u00bb][vc_column_inner width=\u00a0\u00bb1\/6&Prime;][\/vc_column_inner][vc_column_inner width=\u00a0\u00bb2\/3&Prime;][vc_single_image image=\u00a0\u00bb73&Prime; alignment=\u00a0\u00bbcenter\u00a0\u00bb qode_css_animation=\u00a0\u00bb\u00a0\u00bb][vc_column_text]<\/p>\n<h4 style=\"text-align: center;\"><span style=\"color: #11299f;\">Lib\u00e9ral<br \/>\n<\/span><\/h4>\n<h3 style=\"text-align: center;\"><span style=\"color: #11299f;\">Pays-Bas<br \/>\n<\/span><\/h3>\n<p>[\/vc_column_text][vc_empty_space height=\u00a0\u00bb30px\u00a0\u00bb][vc_column_text]<\/p>\n<p class=\"p1\" style=\"text-align: justify;\">La pleine libert\u00e9 de conscience et de religion est reconnue par la constitution r\u00e9vis\u00e9e en 1983 (art. 6). Les sept articles faisant r\u00e9f\u00e9rence aux religions du pays ont \u00e9t\u00e9 supprim\u00e9s. L\u2019Etat finance toutes les religions depuis 1848, date o\u00f9 le calvinisme perd son statut de religion d\u2019Etat. Pluriconfessionnelle, la soci\u00e9t\u00e9 n\u00e9erlandaise a \u00e9volu\u00e9 vers une logique de s\u00e9cularisation. De culture protestante, le Pays-Bas a op\u00e9r\u00e9 une s\u00e9paration progressive de l\u2019Eglise et de l\u2019Etat. Les \u00e9difices religieux sont de statut priv\u00e9 mais des fonds publics viennent largement en aide aux structures confessionnelles d\u2019\u00e9ducation. Le cat\u00e9chisme est enseign\u00e9 dans les \u00e9coles publiques par les professeurs m\u00eame s\u2019il existe l\u2019alternative des cours d\u2019humanisme s\u00e9culier. Certaines universit\u00e9s d\u2019Etat acceptent l\u2019enseignement de la th\u00e9ologie.<\/p>\n<p>[\/vc_column_text][vc_empty_space height=\u00a0\u00bb30px\u00a0\u00bb][vc_single_image image=\u00a0\u00bb126&Prime; img_size=\u00a0\u00bbmedium\u00a0\u00bb alignment=\u00a0\u00bbcenter\u00a0\u00bb qode_css_animation=\u00a0\u00bb\u00a0\u00bb][\/vc_column_inner][vc_column_inner width=\u00a0\u00bb1\/6&Prime;][\/vc_column_inner][\/vc_row_inner][\/vc_column][\/vc_row][vc_row row_type=\u00a0\u00bbrow\u00a0\u00bb use_row_as_full_screen_section=\u00a0\u00bbno\u00a0\u00bb type=\u00a0\u00bbgrid\u00a0\u00bb text_align=\u00a0\u00bbleft\u00a0\u00bb background_image=\u00a0\u00bb12&Prime; pattern_background=\u00a0\u00bbpattern_background\u00a0\u00bb css_animation=\u00a0\u00bb\u00a0\u00bb][vc_column width=\u00a0\u00bb1\/2&Prime;][vc_empty_space height=\u00a0\u00bb40px\u00a0\u00bb][vc_column_text]<\/p>\n<p class=\"p1\" style=\"text-align: justify;\"><span class=\"s1\"><b>Code p\u00e9nal n\u00e9erlandais<\/b>\u00a0: II, Titre V \u2013 Ordre public\u00a0: Perturbation d\u2019une assembl\u00e9e religieuse<\/span><\/p>\n<p class=\"p1\" style=\"text-align: justify;\">\u00ab\u00a0<i>Art. 146. \u2013 Celui qui perturbe intentionnellement en provoquant du d\u00e9sordre ou en faisant du bruit soit une r\u00e9union publique autoris\u00e9e \u00e0 des fins de pratiques religieuse ou de convictions philosophiques, soit une c\u00e9r\u00e9monie autoris\u00e9e religieuse ou philosophique ou mortuaire, sera puni d\u2019une peine de prison d\u2019au plus de deux mois ou d\u2019une amende de deuxi\u00e8me cat\u00e9gories.\u00a0\u00bb<\/i><\/p>\n<p class=\"p2\" style=\"text-align: justify;\">Loi du 3 mars 1991 modifi\u00e9e par la loi du 20 avril 1988.<\/p>\n<p class=\"p2\" style=\"text-align: justify;\">L\u2019emp\u00eachement du d\u00e9roulement normal d\u2019une c\u00e9r\u00e9monie religieuse ne concerne pas les conversations ou les rires mais plut\u00f4t le fait de parler d\u2019une voix forte qui \u00ab\u00a0<i>fait du bruit<\/i>\u00a0\u00bb. Il faut entendre blasph\u00e8me comme \u00ab\u00a0<i>injure m\u00e9prisante vis-\u00e0-vis de Dieu<\/i>\u00a0\u00bb dans l\u2019article 147.<\/p>\n<p class=\"p1\" style=\"text-align: justify;\">\u00ab\u00a0<i>Art. 147. \u2013 Sera puni d\u2019une peine de prison d\u2019au plus de trois mois ou d\u2019une amende de deuxi\u00e8me cat\u00e9gorie\u00a0:<\/i><\/p>\n<p class=\"p1\" style=\"text-align: justify;\"><i>1\u00b0 celui qui publiquement, verbalement ou par \u00e9crit ou par image, exprime de mani\u00e8re blessante des blasph\u00e8mes contre des sentiments religieux\u00a0;<\/i><\/p>\n<p class=\"p1\" style=\"text-align: justify;\"><i>2\u00b0 celui qui se moque d\u2019un ministre du culte dans l\u2019exercice autoris\u00e9 de son minist\u00e8re\u00a0;<\/i><\/p>\n<p class=\"p1\" style=\"text-align: justify;\"><i>3\u00b0 celui qui insulte les objets consacr\u00e9s \u00e0 un culte, pendant et l\u00e0 o\u00f9 l\u2019exercice de ce culte est autoris\u00e9.\u00a0\u00bb<\/i><\/p>\n<p class=\"p2\" style=\"text-align: justify;\">Loi du 3 mars 1881 modifi\u00e9e par la loi du 4 novembre 1932 et du 4 mai 1954.<\/p>\n<p class=\"p2\" style=\"text-align: justify;\">Le concept de \u00ab\u00a0blasph\u00e8me\u00a0\u00bb s\u2019entend dans le sens d\u2019une intention de rabaisser, de ridiculiser la Bible, la parole de Dieu, les actions du Christ ou de s\u2019attaquer \u00e0 la sainte Trinit\u00e9.<\/p>\n<p>[\/vc_column_text][vc_empty_space height=\u00a0\u00bb40px\u00a0\u00bb][\/vc_column][vc_column width=\u00a0\u00bb1\/2&Prime;][vc_empty_space height=\u00a0\u00bb40px\u00a0\u00bb][vc_column_text]<\/p>\n<p class=\"p1\" style=\"text-align: justify;\"><span class=\"s1\">Diffusion d\u2019\u00e9crits ou d\u2019images<\/span><\/p>\n<p class=\"p2\" style=\"text-align: justify;\">\u00ab\u00a0<i>Art. 147a. \u2013 1. Celui qui diffuse, expose publiquement ou promeut, ou poss\u00e8de en r\u00e9serve \u00e0 des fins de publication, d\u2019exposition publique ou de promotion, des \u00e9crits ou des images o\u00f9 apparaissent des expressions blasph\u00e9matoires blessantes pour les sentiments religieux, et pour autant qu\u2019il sache ou a de s\u00e9rieuses raisons de supposer que de telles expressions apparaissent dans l\u2019\u00e9crit ou l\u2019image, sera puni d\u2019au plus de deux mois de prison ou d\u2019une amende de deuxi\u00e8me cat\u00e9gorie.<\/i><\/p>\n<p class=\"p2\" style=\"text-align: justify;\"><i>&#8211; 2. Sera puni de la m\u00eame peine celui qui, ayant les m\u00eames connaissances ou les m\u00eames raisons de supposition, porte le contenu d\u2019un tel \u00e9crit \u00e0 l\u2019audience publique.<\/i><\/p>\n<p class=\"p2\" style=\"text-align: justify;\"><i>&#8211; 3. Au cas o\u00f9 le coupable commet l\u2019un des d\u00e9lits d\u00e9crits dans cet article dans [l\u2019exercice de] sa profession et que, lors de l\u2019accomplissement du d\u00e9lit, il ne s\u2019est pas encore \u00e9coul\u00e9 deux ans depuis une condamnation ant\u00e9rieure du coupable du fait qu\u2019un de ces d\u00e9lits est devenu irr\u00e9vocable, il peut \u00eatre d\u00e9chu [du droit] de l\u2019exercice de cette profession.\u00a0\u00bb<\/i><\/p>\n<p class=\"p3\" style=\"text-align: justify;\">Ajout\u00e9 \u00e0 la loi du 19 juillet 1934 et modifi\u00e9 par la loi du 4 mai 1954.<\/p>\n<p class=\"p5\" style=\"text-align: justify;\"><span class=\"s1\">Titre II \u2013 Transgressions concernant l\u2019ordre public<\/span><\/p>\n<p class=\"p6\" style=\"text-align: justify;\">\u00ab\u00a0<i>Art. 429 bis. \u2013 Celui qui dispose ou maintient plac\u00e9 dans un endroit visible de la voie publique des mots ou des repr\u00e9sentations qui, en tant que blasph\u00e8mes, sont blessant pour les sentiments religieux sera puni de d\u00e9tention d\u2019au maximum un mois ou d\u2019une amende de deuxi\u00e8me cat\u00e9gorie.\u00a0\u00bb<\/i><\/p>\n<p class=\"p3\" style=\"text-align: justify;\">Ins\u00e9r\u00e9 dans la loi du 4 novembre 1932.<\/p>\n<p>[\/vc_column_text][vc_empty_space height=\u00a0\u00bb40px\u00a0\u00bb][\/vc_column][\/vc_row][vc_row row_type=\u00a0\u00bbrow\u00a0\u00bb use_row_as_full_screen_section=\u00a0\u00bbno\u00a0\u00bb type=\u00a0\u00bbgrid\u00a0\u00bb text_align=\u00a0\u00bbleft\u00a0\u00bb css_animation=\u00a0\u00bb\u00a0\u00bb][vc_column][vc_empty_space height=\u00a0\u00bb40px\u00a0\u00bb][vc_tabs style=\u00a0\u00bbhorizontal\u00a0\u00bb][vc_tab title=\u00a0\u00bbDieu est un \u00e2ne\u00a0\u00bb tab_id=\u00a0\u00bbfe1b340d-16f1-8&Prime;][vc_column_text]<\/p>\n<p class=\"p1\" style=\"text-align: justify;\">En 1966, le sulfureux romancier Gerard Reve, dans un passage de son livre <i>Nader Tot U<\/i>, avait repr\u00e9sent\u00e9 Dieu, sous les traits d\u2019un \u00e2ne qu\u2019il doit \u00ab\u00a0<i>longuement poss\u00e9der trois fois de suite dans son ouverture secr\u00e8te<\/i>\u00a0\u00bb. L\u2019\u00e9crivain fut acquitt\u00e9 lors d\u2019un proc\u00e8s pour blasph\u00e8me.<\/p>\n<p>[\/vc_column_text][\/vc_tab][vc_tab title=\u00a0\u00bbAffaire Th\u00e9o Van Gogh\u00a0\u00bb tab_id=\u00a0\u00bbb3903393-3c25-7&Prime;][vc_column_text]<\/p>\n<p class=\"p1\" style=\"text-align: justify;\">Le 2 novembre 2004 le r\u00e9alisateur Th\u00e9o Van Gogh est assassin\u00e9 \u00e0 Amsterdam apr\u00e8s la diffusion \u00e0 la t\u00e9l\u00e9vision n\u00e9erlandaise de son film sur l\u2019islam <i>Submission<\/i>. Ce court-m\u00e9trage a \u00e9t\u00e9 \u00e9crit par Ayaan Hirsi Ali, une jeune d\u00e9put\u00e9e lib\u00e9rale d\u2019origine somalienne. Il d\u00e9nonce le sort injuste r\u00e9serv\u00e9 aux femmes par l\u2019islam, la maltraitance l\u00e9gitim\u00e9e par le Coran.<\/p>\n<p class=\"p1\" style=\"text-align: justify;\">Un appel au djihad (la guerre sainte) est retrouv\u00e9 sur le corps du cin\u00e9aste. La lettre contient \u00e9galement des menaces \u00e0 l\u2019encontre d\u2019Ayaan Hirsi Ali.<\/p>\n<p class=\"p1\" style=\"text-align: justify;\">Mohammed Bouyeri, l\u2019assassin du cin\u00e9aste, est un islamiste maroco-n\u00e9erlandais. Il a affirm\u00e9, pendant son proc\u00e8s, avoir agi \u00ab\u00a0<i>au nom de sa religion<\/i>\u00a0\u00bb, \u00ab\u00a0<i>en accord avec sa foi<\/i>\u00a0\u00bb et a refus\u00e9 d\u2019\u00eatre d\u00e9fendu. Il fut condamn\u00e9 \u00e0 la r\u00e9clusion \u00e0 perp\u00e9tuit\u00e9 par le tribunal d\u2019Amsterdam le 26 juillet 2005. On d\u00e9couvre \u00e0 l\u2019occasion que l\u2019imam Fawaz de la mosqu\u00e9e as-Sunnah de La Haye avait qualifi\u00e9 Van Gogh, dans un sermon qui a \u00e9t\u00e9 enregistr\u00e9, de \u00ab\u00a0<i>salaud criminel<\/i>\u00a0\u00bb et priait Allah de lui inculquer une maladie incurable\u2026<\/p>\n<p class=\"p2\" style=\"text-align: justify;\">La suite du film de Van Gogh ne sera pas interdite malgr\u00e9 la requ\u00eate de musulmans qui exigeaient la censure \u00e0 la fois de l\u2019\u0153uvre et des propos de la d\u00e9put\u00e9e Ayaan Hirsi Ali (r\u00e9alisatrice du film). Cependant, les d\u00e9boires de celle-ci ne faisaient que commencer. Elle fut d\u2019abord contrainte de d\u00e9m\u00e9nager apr\u00e8s une plainte de ses voisins qui craignaient un attentat dans leur immeuble. Elle d\u00fb ensuite renoncer \u00e0 son mandat parlementaire ainsi qu\u2019\u00e0 sa nationalit\u00e9 n\u00e9erlandaise ayant avou\u00e9 qu\u2019elle avait menti sur son nom, sa date de naissance et sur son statut r\u00e9el de r\u00e9fugi\u00e9e.<\/p>\n<p>[\/vc_column_text][\/vc_tab][vc_tab title=\u00a0\u00bbMadonna en croix\u00a0\u00bb tab_id=\u00a0\u00bb1490884772088-2-5&Prime;][vc_column_text]<\/p>\n<p class=\"p1\" style=\"text-align: justify;\">En septembre 2006, de jeunes protestants orthodoxes ont demand\u00e9 en vain l\u2019interdiction du concert de Madonna o\u00f9 elle d\u00e9nonce la politique de l\u2019Eglise catholique en mati\u00e8re de sida en se mettant en sc\u00e8ne crucifi\u00e9e.<\/p>\n<p>[\/vc_column_text][\/vc_tab][vc_tab title=\u00a0\u00bbAffaire Sooreh Hera\u00a0\u00bb tab_id=\u00a0\u00bb1490884792890-3-6&Prime;][vc_column_text]<\/p>\n<p class=\"p1\" style=\"text-align: justify;\">Sooreh Hera est une artiste iranienne r\u00e9fugi\u00e9e aux Pays-Bas. Son travail est expos\u00e9 au Mus\u00e9e municipal de La Haye mais le 30 novembre, le directeur du Mus\u00e9e demande \u00e0 l\u2019artiste de retirer certaines pi\u00e8ces blasph\u00e9matoires. Les photos en question repr\u00e9sentent un couple d\u2019homosexuels iraniens masqu\u00e9s par le visage de Mahomet ou de son gendre Ali. La jeune femme retire toutes ses \u0153uvres apr\u00e8s avoir protest\u00e9 contre cette censure.<\/p>\n<p>[\/vc_column_text][\/vc_tab][\/vc_tabs][\/vc_column][\/vc_row]<\/p>\n","protected":false},"excerpt":{"rendered":"<p>[vc_row row_type=\u00a0\u00bbrow\u00a0\u00bb use_row_as_full_screen_section=\u00a0\u00bbno\u00a0\u00bb type=\u00a0\u00bbgrid\u00a0\u00bb text_align=\u00a0\u00bbleft\u00a0\u00bb padding_top=\u00a0\u00bb40&Prime; padding_bottom=\u00a0\u00bb40&Prime; css_animation=\u00a0\u00bb\u00a0\u00bb][vc_column][vc_row_inner row_type=\u00a0\u00bbrow\u00a0\u00bb type=\u00a0\u00bbfull_width\u00a0\u00bb use_row_as_full_screen_section_slide=\u00a0\u00bbno\u00a0\u00bb text_align=\u00a0\u00bbleft\u00a0\u00bb css_animation=\u00a0\u00bb\u00a0\u00bb][vc_column_inner width=\u00a0\u00bb1\/6&Prime;][\/vc_column_inner][vc_column_inner width=\u00a0\u00bb2\/3&Prime;][vc_single_image image=\u00a0\u00bb73&Prime; alignment=\u00a0\u00bbcenter\u00a0\u00bb qode_css_animation=\u00a0\u00bb\u00a0\u00bb][vc_column_text] Lib\u00e9ral Pays-Bas [\/vc_column_text][vc_empty_space height=\u00a0\u00bb30px\u00a0\u00bb][vc_column_text] La pleine libert\u00e9 de conscience et de religion est reconnue par la constitution r\u00e9vis\u00e9e en 1983 (art. 6). Les sept articles faisant r\u00e9f\u00e9rence&#8230;<\/p>\n","protected":false},"author":2,"featured_media":0,"parent":0,"menu_order":0,"comment_status":"closed","ping_status":"closed","template":"full_width.php","meta":[],"_links":{"self":[{"href":"https:\/\/www.msha.fr\/blasphemereneurope\/index.php\/wp-json\/wp\/v2\/pages\/134"}],"collection":[{"href":"https:\/\/www.msha.fr\/blasphemereneurope\/index.php\/wp-json\/wp\/v2\/pages"}],"about":[{"href":"https:\/\/www.msha.fr\/blasphemereneurope\/index.php\/wp-json\/wp\/v2\/types\/page"}],"author":[{"embeddable":true,"href":"https:\/\/www.msha.fr\/blasphemereneurope\/index.php\/wp-json\/wp\/v2\/users\/2"}],"replies":[{"embeddable":true,"href":"https:\/\/www.msha.fr\/blasphemereneurope\/index.php\/wp-json\/wp\/v2\/comments?post=134"}],"version-history":[{"count":1,"href":"https:\/\/www.msha.fr\/blasphemereneurope\/index.php\/wp-json\/wp\/v2\/pages\/134\/revisions"}],"predecessor-version":[{"id":135,"href":"https:\/\/www.msha.fr\/blasphemereneurope\/index.php\/wp-json\/wp\/v2\/pages\/134\/revisions\/135"}],"wp:attachment":[{"href":"https:\/\/www.msha.fr\/blasphemereneurope\/index.php\/wp-json\/wp\/v2\/media?parent=134"}],"curies":[{"name":"wp","href":"https:\/\/api.w.org\/{rel}","templated":true}]}}